{"id":1177,"date":"2025-10-13T23:34:10","date_gmt":"2025-10-13T21:34:10","guid":{"rendered":"https:\/\/192.168.11.112\/cart\/"},"modified":"2026-04-12T13:51:26","modified_gmt":"2026-04-12T11:51:26","slug":"shopping-cart","status":"publish","type":"page","link":"https:\/\/www.researchsoftware.com\/tr\/shopping-cart\/","title":{"rendered":"Cart"},"content":{"rendered":"<section  class='av_textblock_section av-mn25990i-2e5ca2ee20cd003759f9f8d5fba64232'   itemscope=\"itemscope\" itemtype=\"https:\/\/schema.org\/CreativeWork\" ><div class='avia_textblock'  itemprop=\"text\" ><\/p>\n<div data-block-name=\"woocommerce\/cart\" class=\"wp-block-woocommerce-cart alignwide is-loading\">\n<div data-block-name=\"woocommerce\/filled-cart-block\" class=\"wp-block-woocommerce-filled-cart-block\">\n<div data-block-name=\"woocommerce\/cart-items-block\" class=\"wp-block-woocommerce-cart-items-block\">\n<div data-block-name=\"woocommerce\/cart-line-items-block\" class=\"wp-block-woocommerce-cart-line-items-block\">\u00a0<\/div>\n<\/div>\n<div data-block-name=\"woocommerce\/cart-totals-block\" class=\"wp-block-woocommerce-cart-totals-block\">\n<div data-block-name=\"woocommerce\/cart-order-summary-block\" class=\"wp-block-woocommerce-cart-order-summary-block\">\n<div data-block-name=\"woocommerce\/cart-order-summary-heading-block\" class=\"wp-block-woocommerce-cart-order-summary-heading-block\">\u00a0<\/div>\n<div data-block-name=\"woocommerce\/cart-order-summary-coupon-form-block\" class=\"wp-block-woocommerce-cart-order-summary-coupon-form-block\">\u00a0<\/div>\n<div data-block-name=\"woocommerce\/cart-order-summary-totals-block\" class=\"wp-block-woocommerce-cart-order-summary-totals-block\">\n<div data-block-name=\"woocommerce\/cart-order-summary-subtotal-block\" class=\"wp-block-woocommerce-cart-order-summary-subtotal-block\">\u00a0<\/div>\n<div data-block-name=\"woocommerce\/cart-order-summary-fee-block\" class=\"wp-block-woocommerce-cart-order-summary-fee-block\">\u00a0<\/div>\n<div data-block-name=\"woocommerce\/cart-order-summary-discount-block\" class=\"wp-block-woocommerce-cart-order-summary-discount-block\">\u00a0<\/div>\n<div data-block-name=\"woocommerce\/cart-order-summary-shipping-block\" class=\"wp-block-woocommerce-cart-order-summary-shipping-block\">\u00a0<\/div>\n<div data-block-name=\"woocommerce\/cart-order-summary-taxes-block\" class=\"wp-block-woocommerce-cart-order-summary-taxes-block\">\u00a0<\/div>\n<\/div>\n<\/div>\n<div data-block-name=\"woocommerce\/cart-express-payment-block\" class=\"wp-block-woocommerce-cart-express-payment-block\">\u00a0<\/div>\n<div data-block-name=\"woocommerce\/proceed-to-checkout-block\" class=\"wp-block-woocommerce-proceed-to-checkout-block\">\u00a0<\/div>\n<div data-block-name=\"woocommerce\/cart-accepted-payment-methods-block\" class=\"wp-block-woocommerce-cart-accepted-payment-methods-block\">\u00a0<\/div>\n<\/div>\n<\/div>\n<div data-block-name=\"woocommerce\/empty-cart-block\" class=\"wp-block-woocommerce-empty-cart-block\">\n<p class=\"wp-block-heading wc-block-cart__empty-cart__title\">There are no products in your shopping cart. Please ad a product to your cart.<\/p>\n<hr class=\"wp-block-separator has-alpha-channel-opacity is-style-dots\" \/>\n<p class=\"wp-block-heading has-text-align-left\">Available items<\/p>\n<\/div>\n<\/div>\n<p><\/p>\n<\/div><\/section>\r\n<div  class='avia-product-slider-container av-2a0hhl-b797196a390571026f9182c159a2d198 template-shop avia-content-slider avia-content-grid-active shop_columns_3  avia-builder-el-1  el_after_av_textblock  avia-builder-el-last  avia-content-slider-odd  avia-builder-el-1  el_after_av_textblock  avia-builder-el-last  av-slideshow-ui av-slider-hover-pause av-slideshow-manual av-loop-once av-loop-manual-endless avia-product-slider1' data-slideshow-options=\"{&quot;animation&quot;:&quot;fade&quot;,&quot;autoplay&quot;:false,&quot;loop_autoplay&quot;:&quot;once&quot;,&quot;interval&quot;:5,&quot;loop_manual&quot;:&quot;manual-endless&quot;,&quot;autoplay_stopper&quot;:false,&quot;noNavigation&quot;:false,&quot;bg_slider&quot;:false,&quot;keep_padding&quot;:false,&quot;hoverpause&quot;:true,&quot;show_slide_delay&quot;:0}\"><div class=\"product-sorting avia-product-sorting\"><ul class=\"sort-param sort-param-order\"><li><span class='currently-selected'>S\u0131ralama \u00f6l\u00e7\u00fct\u00fc <strong>Varsay\u0131lan<\/strong><\/span><ul><li class=\"current-param\"><a class='avia-product-sorting-link' data-href='?avia_extended_shop_select=yes&product_order=default' rel=\"nofollow\"><span class='avia-bullet'><\/span>Varsay\u0131lan<\/a><\/li><li><a class='avia-product-sorting-link' data-href='?product_sort=asc&avia_extended_shop_select=yes&product_order=menu_order' rel=\"nofollow\"><span class='avia-bullet'><\/span>Custom<\/a><\/li><li><a class='avia-product-sorting-link' data-href='?product_sort=asc&avia_extended_shop_select=yes&product_order=title' rel=\"nofollow\"><span class='avia-bullet'><\/span>\u0130sim<\/a><\/li><li><a class='avia-product-sorting-link' data-href='?product_sort=asc&avia_extended_shop_select=yes&product_order=price' rel=\"nofollow\"><span class='avia-bullet'><\/span>Fiyat<\/a><\/li><li><a class='avia-product-sorting-link' data-href='?product_sort=asc&avia_extended_shop_select=yes&product_order=date' rel=\"nofollow\"><span class='avia-bullet'><\/span>Tarih<\/a><\/li><li><a class='avia-product-sorting-link' data-href='?avia_extended_shop_select=yes&product_order=popularity' rel=\"nofollow\"><span class='avia-bullet'><\/span>Popularity (sales)<\/a><\/li><li><a class='avia-product-sorting-link' data-href='?avia_extended_shop_select=yes&product_order=rating' rel=\"nofollow\"><span class='avia-bullet'><\/span>Average rating<\/a><\/li><li><a class='avia-product-sorting-link' data-href='?product_sort=asc&avia_extended_shop_select=yes&product_order=relevance' rel=\"nofollow\"><span class='avia-bullet'><\/span>Relevance<\/a><\/li><li><a class='avia-product-sorting-link' data-href='?avia_extended_shop_select=yes&product_order=rand' rel=\"nofollow\"><span class='avia-bullet'><\/span>Rastgele<\/a><\/li><li><a class='avia-product-sorting-link' data-href='?product_sort=asc&avia_extended_shop_select=yes&product_order=id' rel=\"nofollow\"><span class='avia-bullet'><\/span>Product ID<\/a><\/li><\/ul><\/li><\/ul><ul class='sort-param sort-param-count'><li><span class='currently-selected'>G\u00f6r\u00fcnt\u00fcle <strong>3 Sayfa ba\u015f\u0131na \u00fcr\u00fcn <\/strong><\/span><ul><li class=\"current-param\"><a class='avia-product-sorting-link' data-href='?paged=1&avia_extended_shop_select=yes&product_order=default&product_count=3' rel=\"nofollow\">\t\t<span class='avia-bullet'><\/span>3 Sayfa ba\u015f\u0131na \u00fcr\u00fcn<\/a><\/li><li><a class='avia-product-sorting-link' data-href='?paged=1&avia_extended_shop_select=yes&product_order=default&product_count=6' rel=\"nofollow\">\t<span class='avia-bullet'><\/span>6 Sayfa ba\u015f\u0131na \u00fcr\u00fcn<\/a><\/li><li><a class='avia-product-sorting-link' data-href='?paged=1&avia_extended_shop_select=yes&product_order=default&product_count=9' rel=\"nofollow\">\t<span class='avia-bullet'><\/span>9 Sayfa ba\u015f\u0131na \u00fcr\u00fcn<\/a><\/li><\/ul><\/li><\/ul><\/div><div class='avia-content-slider-inner'><ul class=\"products\"><li class=\"product type-product post-1182 status-publish first instock product_cat-bibliography product_cat-endnote product_cat-software product_tag-bibliographic-software product_tag-endnote product_tag-endnote-2025 product_tag-endnote-click product_tag-endnote-online product_tag-endnote-web product_tag-reference-manager has-post-thumbnail sale downloadable virtual taxable purchasable product-type-simple\">\n\t<div class='inner_product main_color wrapped_style noLightbox product_on_sale av-product-class-'><a href=\"https:\/\/www.researchsoftware.com\/tr\/shop\/endnote-2025-upgrade-download\/\" class=\"woocommerce-LoopProduct-link woocommerce-loop-product__link\"><div class=\"thumbnail_container\"><img decoding=\"async\" loading=\"lazy\" width=\"450\" height=\"450\" src=\"https:\/\/www.researchsoftware.com\/wp-content\/uploads\/2026\/04\/EndNote_2025_UPGRADE_Box_600x600-450x450.jpg\" class=\"wp-image-2442 avia-img-lazy-loading-2442 attachment-shop_catalog size-shop_catalog wp-post-image\" alt=\"EndNote 2025 Upgrade Download\" srcset=\"https:\/\/www.researchsoftware.com\/wp-content\/uploads\/2026\/04\/EndNote_2025_UPGRADE_Box_600x600-450x450.jpg 450w, https:\/\/www.researchsoftware.com\/wp-content\/uploads\/2026\/04\/EndNote_2025_UPGRADE_Box_600x600-300x300.jpg 300w, https:\/\/www.researchsoftware.com\/wp-content\/uploads\/2026\/04\/EndNote_2025_UPGRADE_Box_600x600-80x80.jpg 80w, https:\/\/www.researchsoftware.com\/wp-content\/uploads\/2026\/04\/EndNote_2025_UPGRADE_Box_600x600-12x12.jpg 12w, https:\/\/www.researchsoftware.com\/wp-content\/uploads\/2026\/04\/EndNote_2025_UPGRADE_Box_600x600-36x36.jpg 36w, https:\/\/www.researchsoftware.com\/wp-content\/uploads\/2026\/04\/EndNote_2025_UPGRADE_Box_600x600-180x180.jpg 180w, https:\/\/www.researchsoftware.com\/wp-content\/uploads\/2026\/04\/EndNote_2025_UPGRADE_Box_600x600-120x120.jpg 120w, https:\/\/www.researchsoftware.com\/wp-content\/uploads\/2026\/04\/EndNote_2025_UPGRADE_Box_600x600-100x100.jpg 100w, https:\/\/www.researchsoftware.com\/wp-content\/uploads\/2026\/04\/EndNote_2025_UPGRADE_Box_600x600.jpg 600w\" sizes=\"auto, (max-width: 450px) 100vw, 450px\" \/><span class=\"cart-loading\"><\/span><\/div><div class='inner_product_header'><div class='avia-arrow'><\/div><div class='inner_product_header_table'><div class='inner_product_header_cell'><h2 class=\"woocommerce-loop-product__title\">EndNote 2025 Upgrade Download<\/h2>\n\t<span class=\"price\"><del aria-hidden=\"true\"><span class=\"woocommerce-Price-amount amount\"><bdi><span class=\"woocommerce-Price-currencySymbol\">&euro;<\/span>&nbsp;128,96<\/bdi><\/span><\/del> <span class=\"screen-reader-text\">Orijinal fiyat: &euro;&nbsp;128,96.<\/span><ins aria-hidden=\"true\"><span class=\"woocommerce-Price-amount amount\"><bdi><span class=\"woocommerce-Price-currencySymbol\">&euro;<\/span>&nbsp;95,04<\/bdi><\/span><\/ins><span class=\"screen-reader-text\">\u015eu andaki fiyat: &euro;&nbsp;95,04.<\/span> <small class=\"woocommerce-price-suffix\">excl. 21% VAT (<span class=\"woocommerce-Price-amount amount\"><bdi><span class=\"woocommerce-Price-currencySymbol\">&euro;<\/span>&nbsp;115,00<\/bdi><\/span> incl. 21% VAT)<\/small><\/span>\n\n\t<span class=\"onsale\">\u00d6zel fiyat<\/span>\n\t<\/div><\/div><\/div><\/a><div class='avia_cart_buttons'><a href=\"\/tr\/wp-json\/wp\/v2\/pages\/1177?add-to-cart=1182\" aria-describedby=\"woocommerce_loop_add_to_cart_link_describedby_1182\" data-quantity=\"1\" class=\"button product_type_simple add_to_cart_button ajax_add_to_cart\" data-product_id=\"1182\" data-product_sku=\"2550\" aria-label=\"Sepete ekle: \u201cEndNote 2025 Upgrade Download\u201d\" rel=\"nofollow\" data-success_message=\"&quot;EndNote 2025 Upgrade Download&quot; sepetinize eklendi\"><span class=\"avia-svg-icon avia-font-svg_entypo-fontello\" data-av_svg_icon='basket' data-av_iconset='svg_entypo-fontello'><svg version=\"1.1\" xmlns=\"http:\/\/www.w3.org\/2000\/svg\" width=\"29\" height=\"32\" viewbox=\"0 0 29 32\" preserveaspectratio=\"xMidYMid meet\" aria-labelledby='av-svg-title-1' aria-describedby='av-svg-desc-1' role=\"graphics-symbol\" aria-hidden=\"true\">\n<title id='av-svg-title-1'>Add to cart<\/title>\n<desc id='av-svg-desc-1'>Add to cart<\/desc>\n<path d=\"M4.8 27.2q0-1.28 0.96-2.24t2.24-0.96q1.344 0 2.272 0.96t0.928 2.24q0 1.344-0.928 2.272t-2.272 0.928q-1.28 0-2.24-0.928t-0.96-2.272zM20.8 27.2q0-1.28 0.96-2.24t2.24-0.96q1.344 0 2.272 0.96t0.928 2.24q0 1.344-0.928 2.272t-2.272 0.928q-1.28 0-2.24-0.928t-0.96-2.272zM10.496 19.648q-1.152 0.32-1.088 0.736t1.408 0.416h17.984v2.432q0 0.64-0.64 0.64h-20.928q-0.64 0-0.64-0.64v-2.432l-0.32-1.472-3.136-14.528h-3.136v-2.56q0-0.64 0.64-0.64h4.992q0.64 0 0.64 0.64v2.752h22.528v8.768q0 0.704-0.576 0.832z\"><\/path>\n<\/svg><\/span>  Sepete Ekle<\/a>\t<span id=\"woocommerce_loop_add_to_cart_link_describedby_1182\" class=\"screen-reader-text\">\n\t\t\t<\/span>\n<a class=\"button show_details_button\" href=\"https:\/\/www.researchsoftware.com\/tr\/shop\/endnote-2025-upgrade-download\/\"><span class=\"avia-svg-icon avia-font-svg_entypo-fontello\" data-av_svg_icon='doc-text' data-av_iconset='svg_entypo-fontello'><svg version=\"1.1\" xmlns=\"http:\/\/www.w3.org\/2000\/svg\" width=\"22\" height=\"32\" viewbox=\"0 0 22 32\" preserveaspectratio=\"xMidYMid meet\" aria-labelledby='av-svg-title-2' aria-describedby='av-svg-desc-2' role=\"graphics-symbol\" aria-hidden=\"true\">\n<title id='av-svg-title-2'>Detaylar\u0131 G\u00f6ster<\/title>\n<desc id='av-svg-desc-2'>Detaylar\u0131 G\u00f6ster<\/desc>\n<path d=\"M6.784 17.344v-2.88h8.96v2.88h-8.96zM19.2 1.6q1.344 0 2.272 0.928t0.928 2.272v22.4q0 1.28-0.928 2.24t-2.272 0.96h-16q-1.28 0-2.24-0.96t-0.96-2.24v-22.4q0-1.344 0.96-2.272t2.24-0.928h16zM19.2 27.2v-22.4h-16v22.4h16zM15.68 8.256v2.816h-8.96v-2.816h8.96zM15.68 20.8v2.816h-8.96v-2.816h8.96z\"><\/path>\n<\/svg><\/span>  Detaylar\u0131 G\u00f6ster<\/a> <span class=\"button-mini-delimiter\"><\/span><\/div><\/div><\/li>\n<li class=\"product type-product post-1586 status-publish instock product_cat-bibliography product_cat-endnote product_cat-software product_cat-student product_tag-bibliographic-software product_tag-endnote product_tag-endnote-2025 product_tag-endnote-click product_tag-endnote-online product_tag-endnote-web product_tag-reference-manager has-post-thumbnail sale downloadable virtual taxable purchasable product-type-simple\">\n\t<div class='inner_product main_color wrapped_style noLightbox product_on_sale av-product-class-'><a href=\"https:\/\/www.researchsoftware.com\/tr\/shop\/endnote-2025-student-download\/\" class=\"woocommerce-LoopProduct-link woocommerce-loop-product__link\"><div class=\"thumbnail_container\"><img decoding=\"async\" loading=\"lazy\" width=\"450\" height=\"450\" src=\"https:\/\/www.researchsoftware.com\/wp-content\/uploads\/2026\/04\/EndNote_2025_STUDENT_Box_600x600-450x450.jpg\" class=\"wp-image-2440 avia-img-lazy-loading-2440 attachment-shop_catalog size-shop_catalog wp-post-image\" alt=\"EndNote 2025 Student Download\" srcset=\"https:\/\/www.researchsoftware.com\/wp-content\/uploads\/2026\/04\/EndNote_2025_STUDENT_Box_600x600-450x450.jpg 450w, https:\/\/www.researchsoftware.com\/wp-content\/uploads\/2026\/04\/EndNote_2025_STUDENT_Box_600x600-300x300.jpg 300w, https:\/\/www.researchsoftware.com\/wp-content\/uploads\/2026\/04\/EndNote_2025_STUDENT_Box_600x600-80x80.jpg 80w, https:\/\/www.researchsoftware.com\/wp-content\/uploads\/2026\/04\/EndNote_2025_STUDENT_Box_600x600-12x12.jpg 12w, https:\/\/www.researchsoftware.com\/wp-content\/uploads\/2026\/04\/EndNote_2025_STUDENT_Box_600x600-36x36.jpg 36w, https:\/\/www.researchsoftware.com\/wp-content\/uploads\/2026\/04\/EndNote_2025_STUDENT_Box_600x600-180x180.jpg 180w, https:\/\/www.researchsoftware.com\/wp-content\/uploads\/2026\/04\/EndNote_2025_STUDENT_Box_600x600-120x120.jpg 120w, https:\/\/www.researchsoftware.com\/wp-content\/uploads\/2026\/04\/EndNote_2025_STUDENT_Box_600x600-100x100.jpg 100w, https:\/\/www.researchsoftware.com\/wp-content\/uploads\/2026\/04\/EndNote_2025_STUDENT_Box_600x600.jpg 600w\" sizes=\"auto, (max-width: 450px) 100vw, 450px\" \/><span class=\"cart-loading\"><\/span><\/div><div class='inner_product_header'><div class='avia-arrow'><\/div><div class='inner_product_header_table'><div class='inner_product_header_cell'><h2 class=\"woocommerce-loop-product__title\">EndNote 2025 Student Download<\/h2>\n\t<span class=\"price\"><del aria-hidden=\"true\"><span class=\"woocommerce-Price-amount amount\"><bdi><span class=\"woocommerce-Price-currencySymbol\">&euro;<\/span>&nbsp;132,65<\/bdi><\/span><\/del> <span class=\"screen-reader-text\">Orijinal fiyat: &euro;&nbsp;132,65.<\/span><ins aria-hidden=\"true\"><span class=\"woocommerce-Price-amount amount\"><bdi><span class=\"woocommerce-Price-currencySymbol\">&euro;<\/span>&nbsp;112,40<\/bdi><\/span><\/ins><span class=\"screen-reader-text\">\u015eu andaki fiyat: &euro;&nbsp;112,40.<\/span> <small class=\"woocommerce-price-suffix\">excl. 21% VAT (<span class=\"woocommerce-Price-amount amount\"><bdi><span class=\"woocommerce-Price-currencySymbol\">&euro;<\/span>&nbsp;136,00<\/bdi><\/span> incl. 21% VAT)<\/small><\/span>\n\n\t<span class=\"onsale\">\u00d6zel fiyat<\/span>\n\t<\/div><\/div><\/div><\/a><div class='avia_cart_buttons'><a href=\"\/tr\/wp-json\/wp\/v2\/pages\/1177?add-to-cart=1586\" aria-describedby=\"woocommerce_loop_add_to_cart_link_describedby_1586\" data-quantity=\"1\" class=\"button product_type_simple add_to_cart_button ajax_add_to_cart\" data-product_id=\"1586\" data-product_sku=\"2595\" aria-label=\"Sepete ekle: \u201cEndNote 2025 Student Download\u201d\" rel=\"nofollow\" data-success_message=\"&quot;EndNote 2025 Student Download&quot; sepetinize eklendi\"><span class=\"avia-svg-icon avia-font-svg_entypo-fontello\" data-av_svg_icon='basket' data-av_iconset='svg_entypo-fontello'><svg version=\"1.1\" xmlns=\"http:\/\/www.w3.org\/2000\/svg\" width=\"29\" height=\"32\" viewbox=\"0 0 29 32\" preserveaspectratio=\"xMidYMid meet\" aria-labelledby='av-svg-title-3' aria-describedby='av-svg-desc-3' role=\"graphics-symbol\" aria-hidden=\"true\">\n<title id='av-svg-title-3'>Add to cart<\/title>\n<desc id='av-svg-desc-3'>Add to cart<\/desc>\n<path d=\"M4.8 27.2q0-1.28 0.96-2.24t2.24-0.96q1.344 0 2.272 0.96t0.928 2.24q0 1.344-0.928 2.272t-2.272 0.928q-1.28 0-2.24-0.928t-0.96-2.272zM20.8 27.2q0-1.28 0.96-2.24t2.24-0.96q1.344 0 2.272 0.96t0.928 2.24q0 1.344-0.928 2.272t-2.272 0.928q-1.28 0-2.24-0.928t-0.96-2.272zM10.496 19.648q-1.152 0.32-1.088 0.736t1.408 0.416h17.984v2.432q0 0.64-0.64 0.64h-20.928q-0.64 0-0.64-0.64v-2.432l-0.32-1.472-3.136-14.528h-3.136v-2.56q0-0.64 0.64-0.64h4.992q0.64 0 0.64 0.64v2.752h22.528v8.768q0 0.704-0.576 0.832z\"><\/path>\n<\/svg><\/span>  Sepete Ekle<\/a>\t<span id=\"woocommerce_loop_add_to_cart_link_describedby_1586\" class=\"screen-reader-text\">\n\t\t\t<\/span>\n<a class=\"button show_details_button\" href=\"https:\/\/www.researchsoftware.com\/tr\/shop\/endnote-2025-student-download\/\"><span class=\"avia-svg-icon avia-font-svg_entypo-fontello\" data-av_svg_icon='doc-text' data-av_iconset='svg_entypo-fontello'><svg version=\"1.1\" xmlns=\"http:\/\/www.w3.org\/2000\/svg\" width=\"22\" height=\"32\" viewbox=\"0 0 22 32\" preserveaspectratio=\"xMidYMid meet\" aria-labelledby='av-svg-title-4' aria-describedby='av-svg-desc-4' role=\"graphics-symbol\" aria-hidden=\"true\">\n<title id='av-svg-title-4'>Detaylar\u0131 G\u00f6ster<\/title>\n<desc id='av-svg-desc-4'>Detaylar\u0131 G\u00f6ster<\/desc>\n<path d=\"M6.784 17.344v-2.88h8.96v2.88h-8.96zM19.2 1.6q1.344 0 2.272 0.928t0.928 2.272v22.4q0 1.28-0.928 2.24t-2.272 0.96h-16q-1.28 0-2.24-0.96t-0.96-2.24v-22.4q0-1.344 0.96-2.272t2.24-0.928h16zM19.2 27.2v-22.4h-16v22.4h16zM15.68 8.256v2.816h-8.96v-2.816h8.96zM15.68 20.8v2.816h-8.96v-2.816h8.96z\"><\/path>\n<\/svg><\/span>  Detaylar\u0131 G\u00f6ster<\/a> <span class=\"button-mini-delimiter\"><\/span><\/div><\/div><\/li>\n<li class=\"product type-product post-1580 status-publish last instock product_cat-bibliography product_cat-endnote product_cat-software product_tag-bibliographic-software product_tag-endnote product_tag-endnote-2025 product_tag-endnote-click product_tag-endnote-online product_tag-endnote-web product_tag-reference-manager has-post-thumbnail sale downloadable virtual taxable purchasable product-type-simple\">\n\t<div class='inner_product main_color wrapped_style noLightbox product_on_sale av-product-class-'><a href=\"https:\/\/www.researchsoftware.com\/tr\/shop\/endnote-2025-full-download\/\" class=\"woocommerce-LoopProduct-link woocommerce-loop-product__link\"><div class=\"thumbnail_container\"><img decoding=\"async\" loading=\"lazy\" width=\"450\" height=\"450\" src=\"https:\/\/www.researchsoftware.com\/wp-content\/uploads\/2026\/04\/EndNote_2025_FULL_Box_600x600-450x450.jpg\" class=\"wp-image-2438 avia-img-lazy-loading-2438 attachment-shop_catalog size-shop_catalog wp-post-image\" alt=\"EndNote 2025 Full Download\" srcset=\"https:\/\/www.researchsoftware.com\/wp-content\/uploads\/2026\/04\/EndNote_2025_FULL_Box_600x600-450x450.jpg 450w, https:\/\/www.researchsoftware.com\/wp-content\/uploads\/2026\/04\/EndNote_2025_FULL_Box_600x600-300x300.jpg 300w, https:\/\/www.researchsoftware.com\/wp-content\/uploads\/2026\/04\/EndNote_2025_FULL_Box_600x600-80x80.jpg 80w, https:\/\/www.researchsoftware.com\/wp-content\/uploads\/2026\/04\/EndNote_2025_FULL_Box_600x600-12x12.jpg 12w, https:\/\/www.researchsoftware.com\/wp-content\/uploads\/2026\/04\/EndNote_2025_FULL_Box_600x600-36x36.jpg 36w, https:\/\/www.researchsoftware.com\/wp-content\/uploads\/2026\/04\/EndNote_2025_FULL_Box_600x600-180x180.jpg 180w, https:\/\/www.researchsoftware.com\/wp-content\/uploads\/2026\/04\/EndNote_2025_FULL_Box_600x600-120x120.jpg 120w, https:\/\/www.researchsoftware.com\/wp-content\/uploads\/2026\/04\/EndNote_2025_FULL_Box_600x600-100x100.jpg 100w, https:\/\/www.researchsoftware.com\/wp-content\/uploads\/2026\/04\/EndNote_2025_FULL_Box_600x600.jpg 600w\" sizes=\"auto, (max-width: 450px) 100vw, 450px\" \/><span class=\"cart-loading\"><\/span><\/div><div class='inner_product_header'><div class='avia-arrow'><\/div><div class='inner_product_header_table'><div class='inner_product_header_cell'><h2 class=\"woocommerce-loop-product__title\">EndNote 2025 Full Download<\/h2>\n\t<span class=\"price\"><del aria-hidden=\"true\"><span class=\"woocommerce-Price-amount amount\"><bdi><span class=\"woocommerce-Price-currencySymbol\">&euro;<\/span>&nbsp;263,45<\/bdi><\/span><\/del> <span class=\"screen-reader-text\">Orijinal fiyat: &euro;&nbsp;263,45.<\/span><ins aria-hidden=\"true\"><span class=\"woocommerce-Price-amount amount\"><bdi><span class=\"woocommerce-Price-currencySymbol\">&euro;<\/span>&nbsp;215,00<\/bdi><\/span><\/ins><span class=\"screen-reader-text\">\u015eu andaki fiyat: &euro;&nbsp;215,00.<\/span> <small class=\"woocommerce-price-suffix\">excl. 21% VAT (<span class=\"woocommerce-Price-amount amount\"><bdi><span class=\"woocommerce-Price-currencySymbol\">&euro;<\/span>&nbsp;260,15<\/bdi><\/span> incl. 21% VAT)<\/small><\/span>\n\n\t<span class=\"onsale\">\u00d6zel fiyat<\/span>\n\t<\/div><\/div><\/div><\/a><div class='avia_cart_buttons'><a href=\"\/tr\/wp-json\/wp\/v2\/pages\/1177?add-to-cart=1580\" aria-describedby=\"woocommerce_loop_add_to_cart_link_describedby_1580\" data-quantity=\"1\" class=\"button product_type_simple add_to_cart_button ajax_add_to_cart\" data-product_id=\"1580\" data-product_sku=\"2510\" aria-label=\"Sepete ekle: \u201cEndNote 2025 Full Download\u201d\" rel=\"nofollow\" data-success_message=\"&quot;EndNote 2025 Full Download&quot; sepetinize eklendi\"><span class=\"avia-svg-icon avia-font-svg_entypo-fontello\" data-av_svg_icon='basket' data-av_iconset='svg_entypo-fontello'><svg version=\"1.1\" xmlns=\"http:\/\/www.w3.org\/2000\/svg\" width=\"29\" height=\"32\" viewbox=\"0 0 29 32\" preserveaspectratio=\"xMidYMid meet\" aria-labelledby='av-svg-title-5' aria-describedby='av-svg-desc-5' role=\"graphics-symbol\" aria-hidden=\"true\">\n<title id='av-svg-title-5'>Add to cart<\/title>\n<desc id='av-svg-desc-5'>Add to cart<\/desc>\n<path d=\"M4.8 27.2q0-1.28 0.96-2.24t2.24-0.96q1.344 0 2.272 0.96t0.928 2.24q0 1.344-0.928 2.272t-2.272 0.928q-1.28 0-2.24-0.928t-0.96-2.272zM20.8 27.2q0-1.28 0.96-2.24t2.24-0.96q1.344 0 2.272 0.96t0.928 2.24q0 1.344-0.928 2.272t-2.272 0.928q-1.28 0-2.24-0.928t-0.96-2.272zM10.496 19.648q-1.152 0.32-1.088 0.736t1.408 0.416h17.984v2.432q0 0.64-0.64 0.64h-20.928q-0.64 0-0.64-0.64v-2.432l-0.32-1.472-3.136-14.528h-3.136v-2.56q0-0.64 0.64-0.64h4.992q0.64 0 0.64 0.64v2.752h22.528v8.768q0 0.704-0.576 0.832z\"><\/path>\n<\/svg><\/span>  Sepete Ekle<\/a>\t<span id=\"woocommerce_loop_add_to_cart_link_describedby_1580\" class=\"screen-reader-text\">\n\t\t\t<\/span>\n<a class=\"button show_details_button\" href=\"https:\/\/www.researchsoftware.com\/tr\/shop\/endnote-2025-full-download\/\"><span class=\"avia-svg-icon avia-font-svg_entypo-fontello\" data-av_svg_icon='doc-text' data-av_iconset='svg_entypo-fontello'><svg version=\"1.1\" xmlns=\"http:\/\/www.w3.org\/2000\/svg\" width=\"22\" height=\"32\" viewbox=\"0 0 22 32\" preserveaspectratio=\"xMidYMid meet\" aria-labelledby='av-svg-title-6' aria-describedby='av-svg-desc-6' role=\"graphics-symbol\" aria-hidden=\"true\">\n<title id='av-svg-title-6'>Detaylar\u0131 G\u00f6ster<\/title>\n<desc id='av-svg-desc-6'>Detaylar\u0131 G\u00f6ster<\/desc>\n<path d=\"M6.784 17.344v-2.88h8.96v2.88h-8.96zM19.2 1.6q1.344 0 2.272 0.928t0.928 2.272v22.4q0 1.28-0.928 2.24t-2.272 0.96h-16q-1.28 0-2.24-0.96t-0.96-2.24v-22.4q0-1.344 0.96-2.272t2.24-0.928h16zM19.2 27.2v-22.4h-16v22.4h16zM15.68 8.256v2.816h-8.96v-2.816h8.96zM15.68 20.8v2.816h-8.96v-2.816h8.96z\"><\/path>\n<\/svg><\/span>  Detaylar\u0131 G\u00f6ster<\/a> <span class=\"button-mini-delimiter\"><\/span><\/div><\/div><\/li>\n<\/ul><\/div><\/div><div class=\"clear\"><\/div>","protected":false},"excerpt":{"rendered":"","protected":false},"author":1,"featured_media":0,"parent":0,"menu_order":0,"comment_status":"closed","ping_status":"closed","template":"","meta":{"_bbp_topic_count":0,"_bbp_reply_count":0,"_bbp_total_topic_count":0,"_bbp_total_reply_count":0,"_bbp_voice_count":0,"_bbp_anonymous_reply_count":0,"_bbp_topic_count_hidden":0,"_bbp_reply_count_hidden":0,"_bbp_forum_subforum_count":0,"footnotes":""},"class_list":["post-1177","page","type-page","status-publish","hentry"],"aioseo_notices":[],"_links":{"self":[{"href":"https:\/\/www.researchsoftware.com\/tr\/wp-json\/wp\/v2\/pages\/1177","targetHints":{"allow":["GET"]}}],"collection":[{"href":"https:\/\/www.researchsoftware.com\/tr\/wp-json\/wp\/v2\/pages"}],"about":[{"href":"https:\/\/www.researchsoftware.com\/tr\/wp-json\/wp\/v2\/types\/page"}],"author":[{"embeddable":true,"href":"https:\/\/www.researchsoftware.com\/tr\/wp-json\/wp\/v2\/users\/1"}],"replies":[{"embeddable":true,"href":"https:\/\/www.researchsoftware.com\/tr\/wp-json\/wp\/v2\/comments?post=1177"}],"version-history":[{"count":14,"href":"https:\/\/www.researchsoftware.com\/tr\/wp-json\/wp\/v2\/pages\/1177\/revisions"}],"predecessor-version":[{"id":3082,"href":"https:\/\/www.researchsoftware.com\/tr\/wp-json\/wp\/v2\/pages\/1177\/revisions\/3082"}],"wp:attachment":[{"href":"https:\/\/www.researchsoftware.com\/tr\/wp-json\/wp\/v2\/media?parent=1177"}],"curies":[{"name":"wp","href":"https:\/\/api.w.org\/{rel}","templated":true}]}}