{"id":3227,"date":"2026-05-06T14:46:25","date_gmt":"2026-05-06T12:46:25","guid":{"rendered":"https:\/\/www.researchsoftware.com\/?page_id=3227"},"modified":"2026-05-07T09:56:29","modified_gmt":"2026-05-07T07:56:29","slug":"endnote-web","status":"publish","type":"page","link":"https:\/\/www.researchsoftware.com\/tr\/endnote\/endnote-web\/","title":{"rendered":"EndNote Web"},"content":{"rendered":"<div  class='flex_column av-1joqp7-4ce171427e4ba798f177565749910052 av_three_fourth  avia-builder-el-0  el_before_av_one_fourth  avia-builder-el-first  first flex_column_div'     ><section  class='av_textblock_section av-mou1wga5-5484723863b78d06d35ec61b6f728671'   itemscope=\"itemscope\" itemtype=\"https:\/\/schema.org\/CreativeWork\" ><div class='avia_textblock'  itemprop=\"text\" ><h2>EndNote Web ve EndNote Onl\u0131ne<\/h2>\n<p class=\" translation-block\">EndNote 2025, masa\u00fcst\u00fc ve bulut tabanl\u0131 bir \u00e7\u00f6z\u00fcm\u00fc tek bir pakette birle\u015ftirir; buna yeni ve \u00f6zel bir <a title=\"EndNote Web\" href=\"https:\/\/web.endnote.com\" target=\"_blank\" rel=\"noopener\">EndNote Web<\/a> aray\u00fcz\u00fc de dahildir. EndNote Web, EndNote 2025 Masa\u00fcst\u00fc s\u00fcr\u00fcm\u00fcn\u00fc sat\u0131n alm\u0131\u015f t\u00fcm EndNote 2025 Masa\u00fcst\u00fc kullan\u0131c\u0131lar\u0131na \u00f6zel olarak sunulmaktad\u0131r. EndNote 21 ve \u00f6nceki s\u00fcr\u00fcmler, klasik versiyon olan <a title=\"EndNote Online\" href=\"https:\/\/www.myendnoteweb.com\" target=\"_blank\" rel=\"noopener\">EndNote Online<\/a>'e eri\u015febilir.<\/p>\n<p class=\" translation-block\">EndNote Web hesab\u0131, EndNote 2025 Preferences (Settings) ekran\u0131ndan etkinle\u015ftirilip kaydedilecek bir e-posta adresi ve \u015fifreden olu\u015fur. <a href=\"\/shop\/\" target=\"_self\">EndNote 2025 Desktop<\/a>'i sat\u0131n al\u0131n ve EndNote Web hesab\u0131n\u0131z\u0131 kaydedin. EndNote Web hesab\u0131n\u0131z kurulduktan ve senkronizasyon (Sync) etkinle\u015ftirildikten hemen sonra, EndNote Desktop k\u00fct\u00fcphanenizi EndNote Web ortam\u0131n\u0131zla senkronize etmeye ba\u015flayabilirsiniz.<\/p>\n<h2 id=\"h2\">EndNote Web<\/h2>\n<p>EndNote Web, masa\u00fcst\u00fc s\u00fcr\u00fcm\u00fcne benzer bir \u00e7evrimi\u00e7i aray\u00fcz sunar. EndNote Web ile, masa\u00fcst\u00fc s\u00fcr\u00fcm\u00fcnde oldu\u011fu gibi, \u00d6zet, D\u00fczenle ve Dosya Eki panellerinin bulundu\u011fu ayn\u0131 pencerede bir referans\u0131 d\u00fczenleyebilirsiniz. Bir referansa PDF eklenmi\u015fse, bu PDF\u2019yi okumak i\u00e7in ayr\u0131 bir taray\u0131c\u0131 penceresinde bir PDF okuyucu ile a\u00e7abilirsiniz. CrossRef\u2019te bir referans i\u00e7in g\u00fcncellenmi\u015f meta veri bilgileri mevcutsa, D\u00fczenle panelinde bir uyar\u0131 g\u00f6r\u00fcnt\u00fclenir.<\/p>\n<\/div><\/section><\/div><div  class='flex_column av-dtyt57-7c5c0ffceb093d36d034784b624035a5 av_one_fourth  avia-builder-el-2  el_after_av_three_fourth  el_before_av_one_half  flex_column_div'     ><p><div  class='avia-button-wrap av-18rngr-e9ac8e311a74e87f281460d509ca0b7d-wrap avia-button-center  avia-builder-el-3  el_before_av_testimonials  avia-builder-el-first'>\n<style type=\"text\/css\" data-created_by=\"avia_inline_auto\" id=\"style-css-av-18rngr-e9ac8e311a74e87f281460d509ca0b7d\">\n#top #wrap_all .avia-button.av-18rngr-e9ac8e311a74e87f281460d509ca0b7d{\nfont-size:14px;\nbackground-color:#5cb85c;\nborder-color:#4cae4c;\ncolor:#ffffff;\nborder-style:solid;\nborder-width:1px 1px 1px 1px;\nborder-radius:4px 4px 4px 4px;\ntransition:all 0.4s ease-in-out;\npadding:7px 0 7px 0;\n}\n#top #wrap_all.avia-button.av-18rngr-e9ac8e311a74e87f281460d509ca0b7d:hover .avia_button_background{\nborder-radius:4px 4px 4px 4px;\n}\n#top #wrap_all .avia-button.av-18rngr-e9ac8e311a74e87f281460d509ca0b7d .avia-svg-icon svg:first-child{\nfill:#ffffff;\nstroke:#ffffff;\n}\n<\/style>\n<a href='\/shop\/'  class='avia-button av-18rngr-e9ac8e311a74e87f281460d509ca0b7d av-link-btn avia-icon_select-yes-left-icon avia-size-x-large avia-position-center'  title=\"Buy EndNote 2025\" aria-label=\"Buy EndNote 2025\"><span class='avia_button_icon avia_button_icon_left avia-svg-icon avia-font-svg_entypo-fontello' data-av_svg_icon='basket' data-av_iconset='svg_entypo-fontello'><svg version=\"1.1\" xmlns=\"http:\/\/www.w3.org\/2000\/svg\" width=\"29\" height=\"32\" viewbox=\"0 0 29 32\" preserveaspectratio=\"xMidYMid meet\" aria-labelledby='av-svg-title-1' aria-describedby='av-svg-desc-1' role=\"graphics-symbol\">\n<title id='av-svg-title-1'>Basket<\/title>\n<desc id='av-svg-desc-1'>Basket<\/desc>\n<path d=\"M4.8 27.2q0-1.28 0.96-2.24t2.24-0.96q1.344 0 2.272 0.96t0.928 2.24q0 1.344-0.928 2.272t-2.272 0.928q-1.28 0-2.24-0.928t-0.96-2.272zM20.8 27.2q0-1.28 0.96-2.24t2.24-0.96q1.344 0 2.272 0.96t0.928 2.24q0 1.344-0.928 2.272t-2.272 0.928q-1.28 0-2.24-0.928t-0.96-2.272zM10.496 19.648q-1.152 0.32-1.088 0.736t1.408 0.416h17.984v2.432q0 0.64-0.64 0.64h-20.928q-0.64 0-0.64-0.64v-2.432l-0.32-1.472-3.136-14.528h-3.136v-2.56q0-0.64 0.64-0.64h4.992q0.64 0 0.64 0.64v2.752h22.528v8.768q0 0.704-0.576 0.832z\"><\/path>\n<\/svg><\/span><span class='avia_iconbox_title' >Buy EndNote 2025<\/span><\/a><\/div><br \/>\n<div  class='avia-testimonial-wrapper av-b71ggb-31b3a67220448c6f0e26672a9ea8ccd3 avia-slider-testimonials avia-slider-2-testimonials avia_animate_when_almost_visible av-slideshow-ui av-control-default av-no-slider-navigation av-slider-hover-pause av-slideshow-autoplay av-loop-endless av-loop-manual-endless' data-slideshow-options=\"{&quot;animation&quot;:&quot;fade&quot;,&quot;autoplay&quot;:true,&quot;loop_autoplay&quot;:&quot;endless&quot;,&quot;interval&quot;:5,&quot;loop_manual&quot;:&quot;manual-endless&quot;,&quot;autoplay_stopper&quot;:false,&quot;noNavigation&quot;:false,&quot;bg_slider&quot;:false,&quot;keep_padding&quot;:&quot;&quot;,&quot;hoverpause&quot;:true,&quot;show_slide_delay&quot;:0}\">\n<section class=\"avia-testimonial-row\"><div class='avia-testimonial av-9qzbbf-f9c741823671e078c4ab1a151e0d0ba0 avia-testimonial-row-1 avia-first-testimonial flex_column no_margin av_one_half'><div class='avia-testimonial_inner'  itemscope=\"itemscope\" itemtype=\"https:\/\/schema.org\/CreativeWork\" ><div class='avia-testimonial-content'><div class='avia-testimonial-markup-entry-content'  itemprop=\"text\" ><p>Hartelijk dank voor de uitgebreide hulp!!<\/p>\n<\/div><\/div><div class=\"avia-testimonial-meta\"><div class=\"avia-testimonial-arrow-wrap\"><div class=\"avia-arrow\"><\/div><\/div><div class='avia-testimonial-meta-mini'  itemprop=\"author\" itemscope=\"itemscope\" itemtype=\"https:\/\/schema.org\/Person\" ><strong  class='avia-testimonial-name'  itemprop=\"name\" >Sylvia<\/strong><\/div><\/div><\/div><\/div>\n<div class='avia-testimonial av-7uooij-f1a5d064422030f60feb22d1af0ea596 avia-testimonial-row-1 flex_column no_margin av_one_half'><div class='avia-testimonial_inner'  itemscope=\"itemscope\" itemtype=\"https:\/\/schema.org\/CreativeWork\" ><div class='avia-testimonial-content'><div class='avia-testimonial-markup-entry-content'  itemprop=\"text\" ><p>Geweldig! Het is gelukt :). Hartelijke groet.<\/p>\n<\/div><\/div><div class=\"avia-testimonial-meta\"><div class=\"avia-testimonial-arrow-wrap\"><div class=\"avia-arrow\"><\/div><\/div><div class='avia-testimonial-meta-mini'  itemprop=\"author\" itemscope=\"itemscope\" itemtype=\"https:\/\/schema.org\/Person\" ><strong  class='avia-testimonial-name'  itemprop=\"name\" >Eva<\/strong><\/div><\/div><\/div><\/div>\n<div class='avia-testimonial av-5naqpn-eda338f55fd3aeff5c7b77c77c653747 avia-testimonial-row-1 flex_column no_margin av_one_half'><div class='avia-testimonial_inner'  itemscope=\"itemscope\" itemtype=\"https:\/\/schema.org\/CreativeWork\" ><div class='avia-testimonial-content'><div class='avia-testimonial-markup-entry-content'  itemprop=\"text\" ><p>Fantastisch geholpen, dank!<\/p>\n<\/div><\/div><div class=\"avia-testimonial-meta\"><div class=\"avia-testimonial-arrow-wrap\"><div class=\"avia-arrow\"><\/div><\/div><div class='avia-testimonial-meta-mini'  itemprop=\"author\" itemscope=\"itemscope\" itemtype=\"https:\/\/schema.org\/Person\" ><strong  class='avia-testimonial-name'  itemprop=\"name\" >Chris<\/strong><\/div><\/div><\/div><\/div>\n<div class='avia-testimonial av-4p8ymj-90b94c2f733e345b3746ac9745e4004b avia-testimonial-row-1 flex_column no_margin av_one_half'><div class='avia-testimonial_inner'  itemscope=\"itemscope\" itemtype=\"https:\/\/schema.org\/CreativeWork\" ><div class='avia-testimonial-content'><div class='avia-testimonial-markup-entry-content'  itemprop=\"text\" ><p>This is a very informative email with great knowledge, thank you so much for this amazing support, I will share the following with the client and get back to you.<\/p>\n<\/div><\/div><div class=\"avia-testimonial-meta\"><div class=\"avia-testimonial-arrow-wrap\"><div class=\"avia-arrow\"><\/div><\/div><div class='avia-testimonial-meta-mini'  itemprop=\"author\" itemscope=\"itemscope\" itemtype=\"https:\/\/schema.org\/Person\" ><strong  class='avia-testimonial-name'  itemprop=\"name\" >Mahdi<\/strong><\/div><\/div><\/div><\/div>\n<div class='avia-testimonial av-277kt7-5cda4b142af1928a4ae602d310fdca35 avia-testimonial-row-1 flex_column no_margin av_one_half'><div class='avia-testimonial_inner'  itemscope=\"itemscope\" itemtype=\"https:\/\/schema.org\/CreativeWork\" ><div class='avia-testimonial-content'><div class='avia-testimonial-markup-entry-content'  itemprop=\"text\" ><p>Altijd top, jullie ondersteuning en advies.<br \/>\nDikke dankjewel! Hier kunnen we mee verder.<br \/>\nMet vriendelijke groeten.<\/p>\n<\/div><\/div><div class=\"avia-testimonial-meta\"><div class=\"avia-testimonial-arrow-wrap\"><div class=\"avia-arrow\"><\/div><\/div><div class='avia-testimonial-meta-mini'  itemprop=\"author\" itemscope=\"itemscope\" itemtype=\"https:\/\/schema.org\/Person\" ><strong  class='avia-testimonial-name'  itemprop=\"name\" >Nele<\/strong><\/div><\/div><\/div><\/div>\n<\/section><div class='avia-slideshow-arrows avia-slideshow-controls' ><a href='#prev' class='prev-slide  avia-svg-icon avia-font-svg_entypo-fontello' data-av_svg_icon='left-open-big' data-av_iconset='svg_entypo-fontello' tabindex='-1' title=\"\u00d6nceki\"><svg version=\"1.1\" xmlns=\"http:\/\/www.w3.org\/2000\/svg\" width=\"15\" height=\"32\" viewbox=\"0 0 15 32\" preserveaspectratio=\"xMidYMid meet\" aria-labelledby='av-svg-title-2' aria-describedby='av-svg-desc-2' role=\"graphics-symbol\" aria-hidden=\"true\">\n<title id='av-svg-title-2'>\u00d6nceki<\/title>\n<desc id='av-svg-desc-2'>\u00d6nceki<\/desc>\n<path d=\"M14.464 27.84q0.832 0.832 0 1.536-0.832 0.832-1.536 0l-12.544-12.608q-0.768-0.768 0-1.6l12.544-12.608q0.704-0.832 1.536 0 0.832 0.704 0 1.536l-11.456 11.904z\"><\/path>\n<\/svg><span class='avia_hidden_link_text'>\u00d6nceki<\/span><\/a><a href='#next' class='next-slide  avia-svg-icon avia-font-svg_entypo-fontello' data-av_svg_icon='right-open-big' data-av_iconset='svg_entypo-fontello' tabindex='-1' title=\"Sonraki\"><svg version=\"1.1\" xmlns=\"http:\/\/www.w3.org\/2000\/svg\" width=\"15\" height=\"32\" viewbox=\"0 0 15 32\" preserveaspectratio=\"xMidYMid meet\" aria-labelledby='av-svg-title-3' aria-describedby='av-svg-desc-3' role=\"graphics-symbol\" aria-hidden=\"true\">\n<title id='av-svg-title-3'>Sonraki<\/title>\n<desc id='av-svg-desc-3'>Sonraki<\/desc>\n<path d=\"M0.416 27.84l11.456-11.84-11.456-11.904q-0.832-0.832 0-1.536 0.832-0.832 1.536 0l12.544 12.608q0.768 0.832 0 1.6l-12.544 12.608q-0.704 0.832-1.536 0-0.832-0.704 0-1.536z\"><\/path>\n<\/svg><span class='avia_hidden_link_text'>Sonraki<\/span><\/a><\/div><\/div><\/p><\/div><\/p>\n<div  class='flex_column av-al2ry3-ecf0a90029b122698fe7849c4a6a0c4a av_one_half  avia-builder-el-5  el_after_av_one_fourth  el_before_av_one_half  first flex_column_div  column-top-margin'     ><style type=\"text\/css\" data-created_by=\"avia_inline_auto\" id=\"style-css-av-mougv7uk-0449307c06b2e5e5d58db5fe1996d9be\">\n.avia-image-container.av-mougv7uk-0449307c06b2e5e5d58db5fe1996d9be img.avia_image{\nbox-shadow:none;\n}\n.avia-image-container.av-mougv7uk-0449307c06b2e5e5d58db5fe1996d9be .av-image-caption-overlay-center{\ncolor:#ffffff;\n}\n<\/style>\n<div  class='avia-image-container av-mougv7uk-0449307c06b2e5e5d58db5fe1996d9be av-styling- avia-align-center  avia-builder-el-6  avia-builder-el-no-sibling'   itemprop=\"image\" itemscope=\"itemscope\" itemtype=\"https:\/\/schema.org\/ImageObject\" ><div class=\"avia-image-container-inner\"><div class=\"avia-image-overlay-wrap\"><img decoding=\"async\" fetchpriority=\"high\" class='wp-image-3236 avia-img-lazy-loading-not-3236 avia_image' src=\"https:\/\/www.researchsoftware.com\/wp-content\/uploads\/2026\/05\/EndNote_Web_1200x645-495x400.png\" alt='EndNote Web' title='EndNote Web'  height=\"400\" width=\"495\"  itemprop=\"thumbnailUrl\"  \/><\/div><\/div><\/div><\/div>\n<div  class='flex_column av-8ot7q3-e0531c9fee493f4e3193567dc2c06288 av_one_half  avia-builder-el-7  el_after_av_one_half  el_before_av_one_half  flex_column_div  column-top-margin'     ><section  class='av_textblock_section av-mougtykk-f90bcdb973490490efe20ffedfe9ac23'   itemscope=\"itemscope\" itemtype=\"https:\/\/schema.org\/CreativeWork\" ><div class='avia_textblock'  itemprop=\"text\" ><p>Bir referans\u0131n Summary (\u00d6zet) Paneli, referans\u0131 s\u0131n\u0131rl\u0131 say\u0131da stil i\u00e7in nas\u0131l g\u00f6r\u00fcnece\u011fini g\u00f6steren bir \u00f6nizleme se\u00e7ene\u011fi de sunar; ayr\u0131ca bu formatta kopyalay\u0131p bir belgeye yap\u0131\u015ft\u0131rma imkan\u0131 da sa\u011flar.<\/p>\n<p>EndNote Web, EndNote masa\u00fcst\u00fc s\u00fcr\u00fcm\u00fcnde de bulunan Ara\u015ft\u0131rma Asistan\u0131 \u00f6zelli\u011fini i\u00e7erir. Ara\u015ft\u0131rma Asistan\u0131, yapay zeka destekli bir ara\u00e7 kullanarak tek tek makalelerden \u00f6nemli bilgileri \u00e7\u0131kar\u0131r ve yazar\u0131n \u00f6zetinden ba\u011f\u0131ms\u0131z olarak makalenin bir \u00f6zetini olu\u015fturur; b\u00f6ylece ara\u015ft\u0131rma bulgular\u0131n\u0131z\u0131 zenginle\u015ftirir.<\/p>\n<p>EndNote Web, PDF ekleri i\u00e7in bir PDF g\u00f6r\u00fcnt\u00fcleyici de i\u00e7erir.<\/p>\n<\/div><\/section><\/div>\n<div  class='flex_column av-88tq4r-421f28f4bce8e85271be280e4b5547e6 av_one_half  avia-builder-el-9  el_after_av_one_half  el_before_av_one_half  first flex_column_div  column-top-margin'     ><section  class='av_textblock_section av-mougxa27-658b159b1cd4f0f6b54ec10979333ee8'   itemscope=\"itemscope\" itemtype=\"https:\/\/schema.org\/CreativeWork\" ><div class='avia_textblock'  itemprop=\"text\" ><h2>C\u0131te Wh\u0131le You Wr\u0131te<\/h2>\n<p>Word Online ve Google Dok\u00fcmanlar ile \"Cite While You Write\" \u00f6zelli\u011fi, EndNote Web ile entegre \u00e7al\u0131\u015f\u0131r. Bu uygulamalardan gelen ba\u011flant\u0131lar sizi k\u00fct\u00fcphaneniz i\u00e7in EndNote Web aray\u00fcz\u00fcne y\u00f6nlendirecektir.<\/p>\n<h2>Tags (Etiketler)<\/h2>\n<p>EndNote Web, EndNote'taki Tags (Etiket) \u00f6zelli\u011fini destekler. Etiketler, referanslar i\u00e7in hem masa\u00fcst\u00fc bilgisayar\u0131ndan hem de EndNote Web aray\u00fcz\u00fcnden atanabilir ve y\u00f6netilebilir.<\/p>\n<h2>EndNote 2025 Desktop'a Benzer Di\u011fer \u00d6zellikler<\/h2>\n<p class=\" translation-block\">Masa\u00fcst\u00fc aray\u00fcz\u00fcnde oldu\u011fu gibi, EndNote Web'de de taray\u0131c\u0131da g\u00f6r\u00fcnt\u00fclenen s\u00fctunlar\u0131 kontrol edebilirsiniz. Sa\u011f en u\u00e7taki <em>Columns<\/em> d\u00fc\u011fmesine t\u0131klaman\u0131z yeterlidir. Ard\u0131ndan, k\u00fct\u00fcphaneyi o alana g\u00f6re s\u0131ralamak i\u00e7in bir s\u00fctun ba\u015fl\u0131\u011f\u0131na t\u0131klay\u0131n.<\/p>\n<p class=\" translation-block\">EndNote Web, <img src=\"https:\/\/docs.endnote.com\/docs\/endnote\/2025\/v1\/macos\/en\/assets\/images\/endnote web display options.png\" alt=\"Image of display options button\" width=\"15\" height=\"15\">  \u00f6\u011fesini kullanarak aray\u00fcz\u00fcn g\u00f6r\u00fcnt\u00fcs\u00fcn\u00fc kontrol etmenizi sa\u011flar.<\/p>\n<p>Ve elbette, kullan\u0131\u015fl\u0131 EndNote Web ara\u00e7 \u00e7ubu\u011funu kullanarak referanslar\u0131n\u0131z\u0131 \u00e7e\u015fitli \u015fekillerde y\u00f6netebilirsiniz.<\/p>\n<\/div><\/section><\/div><div  class='flex_column av-694pgr-d98acf580e7c282d8b495dab6f253a47 av_one_half  avia-builder-el-11  el_after_av_one_half  el_before_av_one_half  flex_column_div  column-top-margin'     ><style type=\"text\/css\" data-created_by=\"avia_inline_auto\" id=\"style-css-av-mougy4i0-3802a9637bc80815c04e4640b7c98264\">\n.avia-image-container.av-mougy4i0-3802a9637bc80815c04e4640b7c98264 img.avia_image{\nbox-shadow:none;\n}\n.avia-image-container.av-mougy4i0-3802a9637bc80815c04e4640b7c98264 .av-image-caption-overlay-center{\ncolor:#ffffff;\n}\n<\/style>\n<div  class='avia-image-container av-mougy4i0-3802a9637bc80815c04e4640b7c98264 av-styling- avia-align-center  avia-builder-el-12  avia-builder-el-no-sibling'   itemprop=\"image\" itemscope=\"itemscope\" itemtype=\"https:\/\/schema.org\/ImageObject\" ><div class=\"avia-image-container-inner\"><div class=\"avia-image-overlay-wrap\"><img decoding=\"async\" fetchpriority=\"high\" class='wp-image-3237 avia-img-lazy-loading-not-3237 avia_image' src=\"https:\/\/www.researchsoftware.com\/wp-content\/uploads\/2026\/05\/EndNote_Online_1200x645-495x400.png\" alt='EndNote Online' title='EndNote Online'  height=\"400\" width=\"495\"  itemprop=\"thumbnailUrl\"  \/><\/div><\/div><\/div><\/div><\/p>\n<div  class='flex_column av-3pj61n-249a9768e87690ef3afaf8d38d163df3 av_one_half  avia-builder-el-13  el_after_av_one_half  el_before_av_one_half  first flex_column_div  column-top-margin'     ><style type=\"text\/css\" data-created_by=\"avia_inline_auto\" id=\"style-css-av-mouh8z5x-38e7f2c84065d90d0fd8794e8cee91af\">\n.avia-image-container.av-mouh8z5x-38e7f2c84065d90d0fd8794e8cee91af img.avia_image{\nbox-shadow:none;\n}\n.avia-image-container.av-mouh8z5x-38e7f2c84065d90d0fd8794e8cee91af .av-image-caption-overlay-center{\ncolor:#ffffff;\n}\n<\/style>\n<div  class='avia-image-container av-mouh8z5x-38e7f2c84065d90d0fd8794e8cee91af av-styling- avia-align-center  avia-builder-el-14  avia-builder-el-no-sibling'   itemprop=\"image\" itemscope=\"itemscope\" itemtype=\"https:\/\/schema.org\/ImageObject\" ><div class=\"avia-image-container-inner\"><div class=\"avia-image-overlay-wrap\"><img decoding=\"async\" fetchpriority=\"high\" class='wp-image-3249 avia-img-lazy-loading-not-3249 avia_image' src=\"https:\/\/www.researchsoftware.com\/wp-content\/uploads\/2026\/05\/EndNote_for_iPhone_PDF_Read_Annotate.jpg\" alt='EndNote iPhone' title='EndNote iPhone'  height=\"533\" width=\"300\"  itemprop=\"thumbnailUrl\" srcset=\"https:\/\/www.researchsoftware.com\/wp-content\/uploads\/2026\/05\/EndNote_for_iPhone_PDF_Read_Annotate.jpg 300w, https:\/\/www.researchsoftware.com\/wp-content\/uploads\/2026\/05\/EndNote_for_iPhone_PDF_Read_Annotate-169x300.jpg 169w, https:\/\/www.researchsoftware.com\/wp-content\/uploads\/2026\/05\/EndNote_for_iPhone_PDF_Read_Annotate-45x80.jpg 45w, https:\/\/www.researchsoftware.com\/wp-content\/uploads\/2026\/05\/EndNote_for_iPhone_PDF_Read_Annotate-7x12.jpg 7w, https:\/\/www.researchsoftware.com\/wp-content\/uploads\/2026\/05\/EndNote_for_iPhone_PDF_Read_Annotate-288x512.jpg 288w\" sizes=\"(max-width: 300px) 100vw, 300px\" \/><\/div><\/div><\/div><\/div>\n<div  class='flex_column av-1u06m3-807d9b6446b8e83ee51ff945257077a7 av_one_half  avia-builder-el-15  el_after_av_one_half  avia-builder-el-last  flex_column_div  column-top-margin'     ><section  class='av_textblock_section av-mougznrz-f7aaf164c408d5db0b108b040541a75e'   itemscope=\"itemscope\" itemtype=\"https:\/\/schema.org\/CreativeWork\" ><div class='avia_textblock'  itemprop=\"text\" ><h2>EndNote Web Hesab\u0131 A\u00e7man\u0131n Avantajlar\u0131<\/h2>\n<p>EndNote Web hesab\u0131n\u0131 etkinle\u015ftirip kaydettirdi\u011finizde a\u015fa\u011f\u0131daki avantajlardan yararlanabilirsiniz:<\/p>\n<ol>\n<li>Herhangi bir modern taray\u0131c\u0131 kullanarak internet \u00fczerinden her yerden Sync k\u00fct\u00fcphanenize eri\u015fin.<\/li>\n<li class=\" translation-block\"><a title=\"EndNote for iPhone\" href=\"https:\/\/apps.apple.com\/us\/app\/endnote\/id593994211\" target=\"_blank\" rel=\"noopener\">EndNote for iPhone<\/a>'u veya <a title=\"EndNote for iPad\" href=\"https:\/\/apps.apple.com\/us\/app\/endnote\/id593994211?platform=ipad\" target=\"_blank\" rel=\"noopener\">EndNote for iPad<\/a>'i Apple App Store'dan indirin ve k\u00fct\u00fcphanenizi <a title=\"EndNote for iPhone\" href=\"https:\/\/apps.apple.com\/us\/app\/endnote\/id593994211\" target=\"_blank\" rel=\"noopener\">EndNote for iPhone<\/a> veya <a title=\"EndNote for iPad\" href=\"https:\/\/apps.apple.com\/us\/app\/endnote\/id593994211? platform=ipad\" target=\"_blank\" rel=\"noopener\">EndNote for iPad<\/a><\/li>\n<li>EndNote Desktop'\u0131 ba\u015fka herhangi bir ortamda (macOS, Windows, ev bilgisayar\u0131, diz\u00fcst\u00fc bilgisayar) kurun ve Tercihler (Ayarlar) &gt; Senkronizasyon ekran\u0131na EndNote Web hesap e-posta adresinizi ve \u015fifrenizi girerek \u00e7evrimi\u00e7i k\u00fct\u00fcphanenizi yeni ortamla senkronize edin. K\u00fct\u00fcphanenizde yapt\u0131\u011f\u0131n\u0131z d\u00fczenleme ve g\u00fcncellemeler otomatik olarak EndNote Web ile senkronize olacak ve oradan di\u011fer EndNote ortamlar\u0131na aktar\u0131lacakt\u0131r; bunun tersi de ge\u00e7erlidir.<\/li>\n<li>EndNote Web hesab\u0131n\u0131zla k\u00fct\u00fcphanenizi 1.000 ki\u015fiye (e-posta adresi) payla\u015f\u0131n.<\/li>\n<li>K\u00fct\u00fcphanenizdeki bir grubu, EndNote Web hesab\u0131 olan 1.000 ki\u015fiye (e-posta adresi) payla\u015f\u0131n.<\/li>\n<\/ol>\n<\/div><\/section><\/div>","protected":false},"excerpt":{"rendered":"","protected":false},"author":1,"featured_media":0,"parent":2059,"menu_order":0,"comment_status":"closed","ping_status":"closed","template":"","meta":{"_bbp_topic_count":0,"_bbp_reply_count":0,"_bbp_total_topic_count":0,"_bbp_total_reply_count":0,"_bbp_voice_count":0,"_bbp_anonymous_reply_count":0,"_bbp_topic_count_hidden":0,"_bbp_reply_count_hidden":0,"_bbp_forum_subforum_count":0,"footnotes":""},"class_list":["post-3227","page","type-page","status-publish","hentry"],"aioseo_notices":[],"_links":{"self":[{"href":"https:\/\/www.researchsoftware.com\/tr\/wp-json\/wp\/v2\/pages\/3227","targetHints":{"allow":["GET"]}}],"collection":[{"href":"https:\/\/www.researchsoftware.com\/tr\/wp-json\/wp\/v2\/pages"}],"about":[{"href":"https:\/\/www.researchsoftware.com\/tr\/wp-json\/wp\/v2\/types\/page"}],"author":[{"embeddable":true,"href":"https:\/\/www.researchsoftware.com\/tr\/wp-json\/wp\/v2\/users\/1"}],"replies":[{"embeddable":true,"href":"https:\/\/www.researchsoftware.com\/tr\/wp-json\/wp\/v2\/comments?post=3227"}],"version-history":[{"count":14,"href":"https:\/\/www.researchsoftware.com\/tr\/wp-json\/wp\/v2\/pages\/3227\/revisions"}],"predecessor-version":[{"id":3261,"href":"https:\/\/www.researchsoftware.com\/tr\/wp-json\/wp\/v2\/pages\/3227\/revisions\/3261"}],"up":[{"embeddable":true,"href":"https:\/\/www.researchsoftware.com\/tr\/wp-json\/wp\/v2\/pages\/2059"}],"wp:attachment":[{"href":"https:\/\/www.researchsoftware.com\/tr\/wp-json\/wp\/v2\/media?parent=3227"}],"curies":[{"name":"wp","href":"https:\/\/api.w.org\/{rel}","templated":true}]}}