{"id":1580,"date":"2025-04-22T23:08:19","date_gmt":"2025-04-22T21:08:19","guid":{"rendered":"https:\/\/192.168.11.112\/?post_type=product&#038;p=1580"},"modified":"2026-04-30T21:10:36","modified_gmt":"2026-04-30T19:10:36","slug":"endnote-2025-full-download","status":"publish","type":"product","link":"https:\/\/www.researchsoftware.com\/tr\/shop\/endnote-2025-full-download\/","title":{"rendered":"EndNote 2025 Full Download"},"content":{"rendered":"<p>EndNote Windows veya macOS masa\u00fcst\u00fc yaz\u0131l\u0131m sat\u0131n al\u0131m\u0131n\u0131z, EndNote Web, EndNote Online (s\u0131n\u0131rs\u0131z dosya depolama, s\u0131n\u0131rs\u0131z referans depolama ve grup payla\u015f\u0131m\u0131), EndNote for iPhone ve EndNote for iPad'e eri\u015fim hakk\u0131n\u0131 da i\u00e7ermektedir. Bu lisans, yaln\u0131zca bireysel kullan\u0131m i\u00e7in ve en fazla \u00fc\u00e7 cihaza kurulabilen tek kullan\u0131c\u0131 lisans\u0131d\u0131r.<\/p>\n<h2>Ara\u015ft\u0131rman\u0131z\u0131 g\u00fc\u00e7lendirmek i\u00e7in yeni ak\u0131ll\u0131 yollar ke\u015ffedin<\/h2>\n<p>Ara\u015ft\u0131rman\u0131z\u0131 g\u00fc\u00e7lendirmek i\u00e7in yeni ak\u0131ll\u0131 yollar ke\u015ffedin. EndNote 2025, \u00e7al\u0131\u015fmalar\u0131n\u0131z\u0131 hassasiyet ve h\u0131zla bir araya getirmenize yard\u0131mc\u0131 olacak g\u00fc\u00e7l\u00fc yeni \u00f6zellikler sunarak fikirlerinize odaklanman\u0131z\u0131 sa\u011flar. EndNote 2025 sat\u0131n ald\u0131\u011f\u0131n\u0131zda, beraberinde sahip olaca\u011f\u0131n\u0131z yeni AI (yapay zeka) \u00f6zellikleriyle ara\u015ft\u0131rma ke\u015fif s\u00fcrecinizi h\u0131zland\u0131rarak, de\u011ferli zaman\u0131n\u0131zdan tasarruf etmenize yard\u0131mc\u0131 olacakt\u0131r. Bunun yan\u0131 s\u0131ra, yeni yay\u0131n deste\u011fi \u00f6zellikleri ve g\u00fcncellenmi\u015f referans ara\u00e7lar\u0131yla \u00e7al\u0131\u015fmalar\u0131n\u0131z\u0131n g\u00fcncel ve do\u011frulu\u011funu koruman\u0131za yard\u0131mc\u0131 olur. EndNote 2025, e\u015fsiz verimlili\u011fi, g\u00fcvenilir standartlar\u0131 ve g\u00fc\u00e7l\u00fc deste\u011fi ile ara\u015ft\u0131rma ve yaz\u0131m s\u00fcrecinizi kolayla\u015ft\u0131rmak i\u00e7in tasarlanm\u0131\u015f birinci s\u0131n\u0131f bir referans y\u00f6netim arac\u0131d\u0131r.<\/p>\n<p><strong>Yaln\u0131zca EndNote 2025'de bulunan YEN\u0130 yapay zeka (AI) \u00f6zellikleri<\/strong>ile ara\u015ft\u0131rman\u0131z\u0131 g\u00fc\u00e7lendirmek i\u00e7in yeni ak\u0131ll\u0131 yollar ke\u015ffedin. Yeni EndNote 2025, ara\u015ft\u0131rma ke\u015ffinizi ve yaz\u0131m s\u00fcrecinizi geli\u015ftiren yapay zeka \u00f6zelliklerini i\u00e7erir. Bu \u00f6zellikler, belgelerden ve makalelerden \u00f6nemli bilgileri h\u0131zla analiz etmenize, makale konular\u0131ndan yap\u0131land\u0131r\u0131lm\u0131\u015f taslaklar olu\u015fturman\u0131za olanak tan\u0131r ve yay\u0131n s\u00fcrecinize yard\u0131mc\u0131 olur.<\/p>\n<h2>EndNote 2025 temel \u00f6zellikleri<\/h2>\n<h3>AI Key Takeaways (Yapay Zeka Destekli \u00d6zetler)<\/h3>\n<p>Makalelerden ve PDF'lerden i\u00e7g\u00f6r\u00fcler elde ederek zaman kazan\u0131n. Yapay zeka destekli Key Takeaways arac\u0131, bireysel makalelerden \u00f6nemli i\u00e7g\u00f6r\u00fcleri ve \u00f6zetleri \u00e7\u0131kararak ara\u015ft\u0131rma ke\u015ffini h\u0131zland\u0131r\u0131r.<\/p>\n<h3>FIND A JOURNAL<\/h3>\n<p>EndNote\u2019un 'Find a Journal' arac\u0131, makine \u00f6\u011frenimi destekli geli\u015fmi\u015f bir yay\u0131nc\u0131l\u0131k arac\u0131d\u0131r ve Cite While You Write eklentisinde do\u011frudan kullan\u0131labilir. Makalenizin \u00f6nemli unsur ve temel i\u00e7eri\u011fini analiz ederek en uygun dergiyi bulman\u0131za yard\u0131mc\u0131 olur.<\/p>\n<h3>Daha g\u00fcncel at\u0131f ara\u00e7lar\u0131 ve \u00f6zellikler<\/h3>\n<p>EndNote 2025, ara\u015ft\u0131rma ve yaz\u0131m s\u00fcrecinizi daha da kolayla\u015ft\u0131rmak i\u00e7in \u00e7e\u015fitli yeni iyile\u015ftirmeler sunmaktad\u0131r.<\/p>\n<h3>PDF'den Al\u0131nt\u0131 ve At\u0131f Yapma<\/h3>\n<p>Ara\u015ft\u0131rma makalesi yazarken verimlilik ve kullan\u0131labilirlik \u00e7ok \u00f6nemlidir. EndNote 2025, bir PDF'de highlight yap\u0131lan bir al\u0131nt\u0131y\u0131 ve ilgili at\u0131f\u0131 tek bir t\u0131klama ile belgenize eklemenizi sa\u011flar.<\/p>\n<h3>FIND Reference Updates ve FIND Full-Text iyile\u015ftirmeleri<\/h3>\n<p>Tam metin makaleleri indirerek ve kayna\u00e7a bilgilerinizi g\u00fcncelleyerek \u00e7al\u0131\u015fman\u0131z\u0131n g\u00fcvenilirli\u011fini ve do\u011frulu\u011funu art\u0131r\u0131n. Bu sayede referanslar\u0131n\u0131z\u0131n do\u011fru ve eksiksiz olmas\u0131n\u0131 sa\u011flayabilirsiniz.<\/p>\n<h3>\u00d6zet Paneli Yeniden Tasarland\u0131<\/h3>\n<p>Yeni \u00f6zet panelinde, d\u00fczenlenebilir se\u00e7eneklerle her makalenin \u00f6nemli ayr\u0131nt\u0131lar\u0131n\u0131 daha h\u0131zl\u0131, d\u00fczenli ve kolayca okunabilir bir \u015fekilde g\u00f6r\u00fcnt\u00fcleyebilirsiniz.<\/p>\n<h3>WEB OF SCIENCE ATIF YAPILAN MAKALELER VE \u0130LG\u0130L\u0130 KAYITLAR<\/h3>\n<p>Web of Science, d\u00fcnyan\u0131n en g\u00fcvenilir at\u0131f veritaban\u0131d\u0131r. EndNote 2025 ile, \u00e7al\u0131\u015fmalar\u0131n\u0131zda kullanabilce\u011finiz en uygun makaleleri g\u00f6r\u00fcnt\u00fcleyerek daha kapsaml\u0131 bir kaynak k\u00fct\u00fcphanesi olu\u015fturabilir ve kaynaklar\u0131n\u0131z\u0131n referans listesindeki kaynaklar\u0131 da bulabilirsiniz.<\/p>\n<p>&nbsp;<\/p>\n<h2>EndNote 2025 - Sistem gereksinimleri ve Kelime i\u015flemci yaz\u0131l\u0131m Uyumlulu\u011fu<\/h2>\n<p><a title=\"EndNote 2025 sistem gereksinimleri detayl\u0131 bilgi\" href=\"https:\/\/researchsoftware.com\/tr\/software\/bibliography\/endnote\/sistem-gereksinimleri\" target=\"_blank\" rel=\"noopener\">EndNote 2025 sistem gereksinimleri detayl\u0131 bilgi...<\/a><\/p>\n<ul>\n<li><b>\u0130\u015fletim Sistemleri:<\/b><br \/>\nWindows: Windows 10, 11; 1 gigahertz (GHz) veya daha h\u0131zl\u0131, 32-bit veya 64-bit Intel veya AMD i\u015flemci ya da Windows 11 i\u00e7in ARM 64-bit i\u015flemci<br \/>\nmacOS 11, 12, 13, 14, 15, 26, Intel tabanl\u0131 veya Apple Silicon tabanl\u0131 macOS<\/li>\n<li><b>Cite While You Write\u2122 uyumlulu\u011fu:<\/b><br \/>\n<b>Microsoft Word for Windows<\/b>: 2010, 2013, 2016, 2019, 2021, 2024, Office 365<br \/>\n<b>Microsoft Word, macOS<\/b>: 2016, 2019, 2021, 2024, Office 365, Cite While You Write Partner entegrasyonu: Apple\u00ae Pages<br \/>\n<b>Google<\/b>: Google Docs<\/li>\n<li><b>Bibliyografik bi\u00e7imlendirme entegrasyonu:<\/b><br \/>\nWolfram Mathematica 8, Apple\u00ae Pages* 32 ve 64 bit<br \/>\n* macOS ve Windows \u00fcr\u00fcn anahtarlar\u0131 \u00e7apraz platform uyumludur.<\/li>\n<\/ul>\n<p><a title=\"EndNote 2025 sistem gereksinimleri detayl\u0131 bilgi\" href=\"https:\/\/researchsoftware.com\/tr\/software\/bibliography\/endnote\/sistem-gereksinimleri\" target=\"_blank\" rel=\"noopener\">EndNote 2025 sistem gereksinimleri detayl\u0131 bilgi...<\/a><\/p>\n<p>&nbsp;<\/p>","protected":false},"excerpt":{"rendered":"<p>EndNote Windows veya macOS masa\u00fcst\u00fc yaz\u0131l\u0131m sat\u0131n al\u0131m\u0131n\u0131z, EndNote Web, EndNote Online (s\u0131n\u0131rs\u0131z dosya depolama, s\u0131n\u0131rs\u0131z referans depolama ve grup payla\u015f\u0131m\u0131), EndNote for iPhone ve EndNote for iPad'e eri\u015fim hakk\u0131n\u0131 da i\u00e7ermektedir. Bu lisans, yaln\u0131zca bireysel kullan\u0131m i\u00e7in ve en fazla \u00fc\u00e7 cihaza kurulabilen tek kullan\u0131c\u0131 lisans\u0131d\u0131r.<\/p>\n<p>Yaln\u0131zca EndNote 2025'de bulunan YEN\u0130 yapay zeka (AI) \u00f6zellikleri ile ara\u015ft\u0131rman\u0131z\u0131 g\u00fc\u00e7lendirmek i\u00e7in yeni ak\u0131ll\u0131 yollar ke\u015ffedin. Yeni EndNote 2025, ara\u015ft\u0131rma ke\u015ffinizi ve yaz\u0131m s\u00fcrecinizi geli\u015ftiren yapay zeka \u00f6zelliklerini i\u00e7erir. Bu \u00f6zellikler, belgelerden ve makalelerden \u00f6nemli bilgileri h\u0131zla analiz etmenize, makale konular\u0131ndan yap\u0131land\u0131r\u0131lm\u0131\u015f taslaklar olu\u015fturman\u0131za olanak tan\u0131r ve yay\u0131n s\u00fcrecinize yard\u0131mc\u0131 olur.<\/p>\n<p>&nbsp;<\/p>","protected":false},"featured_media":2438,"template":"","meta":{"_bbp_topic_count":0,"_bbp_reply_count":0,"_bbp_total_topic_count":0,"_bbp_total_reply_count":0,"_bbp_voice_count":0,"_bbp_anonymous_reply_count":0,"_bbp_topic_count_hidden":0,"_bbp_reply_count_hidden":0,"_bbp_forum_subforum_count":0},"product_brand":[76],"product_cat":[72,326,325],"product_tag":[195,78,114,197,118,116,196],"class_list":{"0":"post-1580","1":"product","2":"type-product","3":"status-publish","4":"has-post-thumbnail","6":"product_brand-clarivate","7":"product_cat-bibliography","8":"product_cat-endnote","9":"product_cat-software","10":"product_tag-bibliographic-software","11":"product_tag-endnote","12":"product_tag-endnote-2025","13":"product_tag-endnote-click","14":"product_tag-endnote-online","15":"product_tag-endnote-web","16":"product_tag-reference-manager","18":"first","19":"instock","20":"sale","21":"downloadable","22":"virtual","23":"taxable","24":"purchasable","25":"product-type-simple"},"aioseo_notices":[],"_links":{"self":[{"href":"https:\/\/www.researchsoftware.com\/tr\/wp-json\/wp\/v2\/product\/1580","targetHints":{"allow":["GET"]}}],"collection":[{"href":"https:\/\/www.researchsoftware.com\/tr\/wp-json\/wp\/v2\/product"}],"about":[{"href":"https:\/\/www.researchsoftware.com\/tr\/wp-json\/wp\/v2\/types\/product"}],"wp:featuredmedia":[{"embeddable":true,"href":"https:\/\/www.researchsoftware.com\/tr\/wp-json\/wp\/v2\/media\/2438"}],"wp:attachment":[{"href":"https:\/\/www.researchsoftware.com\/tr\/wp-json\/wp\/v2\/media?parent=1580"}],"wp:term":[{"taxonomy":"product_brand","embeddable":true,"href":"https:\/\/www.researchsoftware.com\/tr\/wp-json\/wp\/v2\/product_brand?post=1580"},{"taxonomy":"product_cat","embeddable":true,"href":"https:\/\/www.researchsoftware.com\/tr\/wp-json\/wp\/v2\/product_cat?post=1580"},{"taxonomy":"product_tag","embeddable":true,"href":"https:\/\/www.researchsoftware.com\/tr\/wp-json\/wp\/v2\/product_tag?post=1580"}],"curies":[{"name":"wp","href":"https:\/\/api.w.org\/{rel}","templated":true}]}}